{"id":953,"date":"2022-07-22T15:37:23","date_gmt":"2022-07-22T14:37:23","guid":{"rendered":"http:\/\/kunstexpertin-mosel.de\/?page_id=953"},"modified":"2026-02-20T13:47:42","modified_gmt":"2026-02-20T12:47:42","slug":"kunstsprechstunde-in-trier","status":"publish","type":"page","link":"https:\/\/kunstexpertin-mosel.de\/?page_id=953","title":{"rendered":"Sch\u00e4tzung und Einordnung von Kunstgegenst\u00e4nden an festen Terminen in Trier"},"content":{"rendered":"\n<p>Des \u00d6fteren erhalte ich Anfragen zu einzelnen oder einer geringen Anzahl an Objekten, bei denen der Aufwand eines Vororttermins in Hinblick auf Aufwand und Kosten unverh\u00e4tnism\u00e4\u00dfig w\u00e4re. Um hier aber ebenfalls die M\u00f6glichkeit einer Beratung zu schaffen, biete ich<strong> <\/strong>f\u00fcr Privatpersonen <strong>in Trier in der Saarstra\u00dfe regelm\u00e4\u00dfig eine \u201eKunstberatungs-Sprechstunde\u201c <\/strong>an, in der ich die Kunstgegenst\u00e4nde kunsthistorisch einordne und deren aktuellen Marktwert sch\u00e4tze.<\/p>\n\n\n\n<p><em><mark style=\"background-color:#f1f1f1\" class=\"has-inline-color\">Bei der <strong>Sch\u00e4tzung oder Begutachtung eines Nachlasses<\/strong> (komplett oder in Teilen) oder generell einer gr\u00f6\u00dferen Anzahl von Kunstgegenst\u00e4nden empfehle ich weiterhin einen <strong>Termin vor Ort<\/strong>.<\/mark><\/em><\/p>\n\n\n\n<p>F\u00fcr die <strong>Erstbegutachtung<\/strong> (inklusive Einordnung und Einsch\u00e4tzung) an diesen Terminen berechne ich anstelle meines \u00fcblichen Stundensatzes einen Fixpreis <strong>pro Objekt von 30 Euro<\/strong>, wobei z. B. ein Service oder ein Set Bestecke jeweils auch als \u201eein Objekt\u201c gelten.<\/p>\n\n\n\n<p><strong>Die<\/strong> <strong>n\u00e4chsten<\/strong> <strong>Termine<\/strong> sind folgende (vorbehaltlich etwaiger kurzfristiger \u00c4nderungen):<\/p>\n\n\n\n<p class=\"has-purple-color has-light-blue-background-color has-text-color has-background has-link-color wp-elements-4750f58a6d88a2f716359883be1b068f\"><mark style=\"background-color:rgba(0, 0, 0, 0)\" class=\"has-inline-color has-purple-color\">Freitag, der <strong>8. Mai 2026<\/strong> (vormittags) <\/mark><\/p>\n\n\n\n<p><\/p>\n\n\n\n<p><\/p>\n\n\n\n<p>Bitte kontaktieren Sie mich unter Tel. 0176 54 33 23 09 oder per E-Mail an kontakt @ kunstexpertin-mosel.de, um einen <strong>Termin<\/strong> zu vereinbaren und <strong>Detailinfos<\/strong> zu erfahren.<\/p>\n\n\n\n<p><strong>Eine Bitte: <\/strong>Wenn Sie den vereinbarten Termin doch nicht wahrnehmen k\u00f6nnen, teilen Sie es mir bitte zeitnah mit (per Anruf, SMS oder E-Mail).<\/p>\n","protected":false},"excerpt":{"rendered":"<p>Des \u00d6fteren erhalte ich Anfragen zu einzelnen oder einer geringen Anzahl an Objekten, bei denen der Aufwand eines Vororttermins in Hinblick auf Aufwand und Kosten unverh\u00e4tnism\u00e4\u00dfig w\u00e4re. Um hier aber ebenfalls die M\u00f6glichkeit einer Beratung zu schaffen, biete ich f\u00fcr Privatpersonen in Trier in der Saarstra\u00dfe regelm\u00e4\u00dfig eine \u201eKunstberatungs-Sprechstunde\u201c an, in der ich die Kunstgegenst\u00e4nde &hellip; <a href=\"https:\/\/kunstexpertin-mosel.de\/?page_id=953\" class=\"more-link\"><span class=\"screen-reader-text\">Sch\u00e4tzung und Einordnung von Kunstgegenst\u00e4nden an festen Terminen in Trier<\/span> weiterlesen<\/a><\/p>\n","protected":false},"author":1,"featured_media":1552,"parent":0,"menu_order":0,"comment_status":"closed","ping_status":"closed","template":"","meta":{"footnotes":""},"class_list":["post-953","page","type-page","status-publish","has-post-thumbnail","hentry"],"_links":{"self":[{"href":"https:\/\/kunstexpertin-mosel.de\/index.php?rest_route=\/wp\/v2\/pages\/953","targetHints":{"allow":["GET"]}}],"collection":[{"href":"https:\/\/kunstexpertin-mosel.de\/index.php?rest_route=\/wp\/v2\/pages"}],"about":[{"href":"https:\/\/kunstexpertin-mosel.de\/index.php?rest_route=\/wp\/v2\/types\/page"}],"author":[{"embeddable":true,"href":"https:\/\/kunstexpertin-mosel.de\/index.php?rest_route=\/wp\/v2\/users\/1"}],"replies":[{"embeddable":true,"href":"https:\/\/kunstexpertin-mosel.de\/index.php?rest_route=%2Fwp%2Fv2%2Fcomments&post=953"}],"version-history":[{"count":89,"href":"https:\/\/kunstexpertin-mosel.de\/index.php?rest_route=\/wp\/v2\/pages\/953\/revisions"}],"predecessor-version":[{"id":1682,"href":"https:\/\/kunstexpertin-mosel.de\/index.php?rest_route=\/wp\/v2\/pages\/953\/revisions\/1682"}],"wp:featuredmedia":[{"embeddable":true,"href":"https:\/\/kunstexpertin-mosel.de\/index.php?rest_route=\/wp\/v2\/media\/1552"}],"wp:attachment":[{"href":"https:\/\/kunstexpertin-mosel.de\/index.php?rest_route=%2Fwp%2Fv2%2Fmedia&parent=953"}],"curies":[{"name":"wp","href":"https:\/\/api.w.org\/{rel}","templated":true}]}}