{"id":8,"date":"2016-03-01T18:49:59","date_gmt":"2016-03-01T18:49:59","guid":{"rendered":"http:\/\/kunstexpertin-mosel.de\/?page_id=8"},"modified":"2025-01-28T17:09:01","modified_gmt":"2025-01-28T16:09:01","slug":"impressum","status":"publish","type":"page","link":"https:\/\/kunstexpertin-mosel.de\/?page_id=8","title":{"rendered":"Impressum"},"content":{"rendered":"<p><strong>Verantwortlich<br \/>\n<\/strong>Diana Lamprecht M.A.<br \/>\nSachverst\u00e4ndige f\u00fcr Kunst und Antiquit\u00e4ten<br \/>\nSt.-Mergener-Str. 6<br \/>\n54292 Trier<br \/>\nDeutschland<\/p>\n<p><strong>Kontakt<br \/>\n<\/strong>E-Mail: kontakt [at] kunstexpertin-mosel [punkt] de<br \/>\nTelefon (Mo. &#8211; Fr. jeweils 9 &#8211; 17:30 Uhr): 0049 176 54 33 23 09<\/p>\n<p><strong>Fotos, Texte und Videos auf dieser Seite unterliegen dem Urheberrecht:<br \/>\n<\/strong>\u00a9 Diana Lamprecht<\/p>\n","protected":false},"excerpt":{"rendered":"<p>Verantwortlich Diana Lamprecht M.A. Sachverst\u00e4ndige f\u00fcr Kunst und Antiquit\u00e4ten St.-Mergener-Str. 6 54292 Trier Deutschland Kontakt E-Mail: kontakt [at] kunstexpertin-mosel [punkt] de Telefon (Mo. &#8211; Fr. jeweils 9 &#8211; 17:30 Uhr): 0049 176 54 33 23 09 Fotos, Texte und Videos auf dieser Seite unterliegen dem Urheberrecht: \u00a9 Diana Lamprecht<\/p>\n","protected":false},"author":1,"featured_media":467,"parent":0,"menu_order":0,"comment_status":"closed","ping_status":"closed","template":"","meta":{"footnotes":""},"class_list":["post-8","page","type-page","status-publish","has-post-thumbnail","hentry"],"_links":{"self":[{"href":"https:\/\/kunstexpertin-mosel.de\/index.php?rest_route=\/wp\/v2\/pages\/8","targetHints":{"allow":["GET"]}}],"collection":[{"href":"https:\/\/kunstexpertin-mosel.de\/index.php?rest_route=\/wp\/v2\/pages"}],"about":[{"href":"https:\/\/kunstexpertin-mosel.de\/index.php?rest_route=\/wp\/v2\/types\/page"}],"author":[{"embeddable":true,"href":"https:\/\/kunstexpertin-mosel.de\/index.php?rest_route=\/wp\/v2\/users\/1"}],"replies":[{"embeddable":true,"href":"https:\/\/kunstexpertin-mosel.de\/index.php?rest_route=%2Fwp%2Fv2%2Fcomments&post=8"}],"version-history":[{"count":12,"href":"https:\/\/kunstexpertin-mosel.de\/index.php?rest_route=\/wp\/v2\/pages\/8\/revisions"}],"predecessor-version":[{"id":1461,"href":"https:\/\/kunstexpertin-mosel.de\/index.php?rest_route=\/wp\/v2\/pages\/8\/revisions\/1461"}],"wp:featuredmedia":[{"embeddable":true,"href":"https:\/\/kunstexpertin-mosel.de\/index.php?rest_route=\/wp\/v2\/media\/467"}],"wp:attachment":[{"href":"https:\/\/kunstexpertin-mosel.de\/index.php?rest_route=%2Fwp%2Fv2%2Fmedia&parent=8"}],"curies":[{"name":"wp","href":"https:\/\/api.w.org\/{rel}","templated":true}]}}