{"id":785,"date":"2021-02-11T11:55:43","date_gmt":"2021-02-11T10:55:43","guid":{"rendered":"http:\/\/kunstexpertin-mosel.de\/?page_id=785"},"modified":"2021-02-11T14:26:37","modified_gmt":"2021-02-11T13:26:37","slug":"schwerpunkte","status":"publish","type":"page","link":"https:\/\/kunstexpertin-mosel.de\/?page_id=785","title":{"rendered":"Fachgebiete"},"content":{"rendered":"\n<h6 class=\"wp-block-heading\"><strong>Kompetenzschwerpunkte und Fachgebiete<\/strong><\/h6>\n\n\n\n<p>\u2218 Gem\u00e4lde, Handzeichnungen, Druckgrafik<br>\u2218 Silber und Metallobjekte<br>\u2218 Keramik (Porzellan, Steingut, Steinzeug etc.)<br>\u2218 Glas<br>\u2218 Design<br>\u2218 Skulpturen (Bronze, Holz u. a.)<br>\u2218 Kunsthandwerk Ostasiens (Japan und China)<br>\u2218 Volkskunst, religi\u00f6se Kunst (auch Afrikana)<br>\u2218 M\u00f6bel, Einrichtungsgegenst\u00e4nde und Uhren<\/p>\n\n\n\n<p>Sollten Ihre Objekte nicht in diese Kategorien fallen, helfe ich gerne, den Kontakt zu einem Experten f\u00fcr dieses Gebiet zu vermitteln.<\/p>\n\n\n\n<p>Nehmen Sie gerne<strong> <a href=\"http:\/\/kunstexpertin-mosel.de\/?page_id=24\">Kontakt <\/a><\/strong>auf und lassen Sie uns einen <strong>Termin f\u00fcr eine Erstberatung<\/strong> finden!<\/p>\n","protected":false},"excerpt":{"rendered":"<p>Kompetenzschwerpunkte und Fachgebiete \u2218 Gem\u00e4lde, Handzeichnungen, Druckgrafik\u2218 Silber und Metallobjekte\u2218 Keramik (Porzellan, Steingut, Steinzeug etc.)\u2218 Glas\u2218 Design\u2218 Skulpturen (Bronze, Holz u. a.)\u2218 Kunsthandwerk Ostasiens (Japan und China)\u2218 Volkskunst, religi\u00f6se Kunst (auch Afrikana)\u2218 M\u00f6bel, Einrichtungsgegenst\u00e4nde und Uhren Sollten Ihre Objekte nicht in diese Kategorien fallen, helfe ich gerne, den Kontakt zu einem Experten f\u00fcr dieses Gebiet &hellip; <a href=\"https:\/\/kunstexpertin-mosel.de\/?page_id=785\" class=\"more-link\"><span class=\"screen-reader-text\">Fachgebiete<\/span> weiterlesen<\/a><\/p>\n","protected":false},"author":1,"featured_media":220,"parent":0,"menu_order":0,"comment_status":"closed","ping_status":"closed","template":"","meta":{"footnotes":""},"class_list":["post-785","page","type-page","status-publish","has-post-thumbnail","hentry"],"_links":{"self":[{"href":"https:\/\/kunstexpertin-mosel.de\/index.php?rest_route=\/wp\/v2\/pages\/785","targetHints":{"allow":["GET"]}}],"collection":[{"href":"https:\/\/kunstexpertin-mosel.de\/index.php?rest_route=\/wp\/v2\/pages"}],"about":[{"href":"https:\/\/kunstexpertin-mosel.de\/index.php?rest_route=\/wp\/v2\/types\/page"}],"author":[{"embeddable":true,"href":"https:\/\/kunstexpertin-mosel.de\/index.php?rest_route=\/wp\/v2\/users\/1"}],"replies":[{"embeddable":true,"href":"https:\/\/kunstexpertin-mosel.de\/index.php?rest_route=%2Fwp%2Fv2%2Fcomments&post=785"}],"version-history":[{"count":6,"href":"https:\/\/kunstexpertin-mosel.de\/index.php?rest_route=\/wp\/v2\/pages\/785\/revisions"}],"predecessor-version":[{"id":842,"href":"https:\/\/kunstexpertin-mosel.de\/index.php?rest_route=\/wp\/v2\/pages\/785\/revisions\/842"}],"wp:featuredmedia":[{"embeddable":true,"href":"https:\/\/kunstexpertin-mosel.de\/index.php?rest_route=\/wp\/v2\/media\/220"}],"wp:attachment":[{"href":"https:\/\/kunstexpertin-mosel.de\/index.php?rest_route=%2Fwp%2Fv2%2Fmedia&parent=785"}],"curies":[{"name":"wp","href":"https:\/\/api.w.org\/{rel}","templated":true}]}}