{"id":6,"date":"2016-02-29T11:13:32","date_gmt":"2016-02-29T11:13:32","guid":{"rendered":"http:\/\/kunstexpertin-mosel.de\/?page_id=6"},"modified":"2025-12-16T16:24:54","modified_gmt":"2025-12-16T15:24:54","slug":"start","status":"publish","type":"page","link":"https:\/\/kunstexpertin-mosel.de\/","title":{"rendered":"Herzlich willkommen!"},"content":{"rendered":"<p style=\"text-align: center;\">Wenn Sie jemanden suchen, der f\u00fcr Sie <strong>Kunstgegenst\u00e4nde<\/strong> <strong>einsch\u00e4tzt und begutachtet<\/strong> \u2013 <strong>unabh\u00e4ngig, fachkundig und seri\u00f6s<\/strong> \u2013, sind Sie hier genau richtig!<\/p>\n<p style=\"text-align: center;\">Ob <strong>Erbschafts-, Nachlassbewertung oder Taxierung<\/strong> der eigenen \u00fcber Jahrzehnte angesammelten Sch\u00e4tze \u2013 ich ermittle den <strong>aktuellen Marktwert<\/strong> und halte diesen auf Wunsch in einem ausf\u00fchrlichen, schriftlichen <strong>Gutachten<\/strong> fest oder <strong>inventarisiere professionell <\/strong>Ihre gesamte Sammlung.<\/p>\n<p style=\"text-align: center;\">Schauen Sie sich auf meiner Website um und z\u00f6gern Sie nicht, mich zu <a href=\"http:\/\/kunstexpertin-mosel.de\/?page_id=24\" target=\"_blank\" rel=\"noopener\"><strong>kontaktieren<\/strong><\/a>, um einen Erstberatungstermin zu vereinbaren!<\/p>\n<p style=\"text-align: center;\"><strong>Diana Lamprecht M.A.<\/strong><br \/>Kunsthistorikerin<br \/>Sachverst\u00e4ndige f\u00fcr Kunst und Antiquit\u00e4ten, Trier<\/p>\n<p style=\"text-align: center;\"><span style=\"color: #993366;\"><strong>F\u00fcr kleine Anfragen: Sch\u00e4tzung und Einordnung <\/strong>von Kunstgegenst\u00e4nden an festen Terminen<strong> in TRIER. <\/strong><\/span><span style=\"color: #993366;\">Mehr dazu &gt;&gt; <a style=\"color: #993366;\" href=\"http:\/\/kunstexpertin-mosel.de\/?page_id=953\"><strong>hier<\/strong><\/a><\/span><\/p>\n<h6 style=\"text-align: center;\"><a href=\"http:\/\/kunstexpertin-mosel.de\/?page_id=22\">&gt; &gt; &gt; Aktuelles &amp; Termine &lt; &lt; &lt;<\/a><\/h6>\n\n\n<p><\/p>\n\n\n\n<figure class=\"wp-block-video\"><video height=\"720\" style=\"aspect-ratio: 1280 \/ 720;\" width=\"1280\" controls src=\"http:\/\/kunstexpertin-mosel.de\/wp-content\/uploads\/2020\/08\/Kleine-Schaetze.mov\"><\/video><\/figure>\n\n\n\n<h6 class=\"wp-block-heading has-small-font-size\">Mitglied in:<\/h6>\n\n\n\n<figure class=\"wp-block-image size-medium\"><img loading=\"lazy\" decoding=\"async\" width=\"300\" height=\"37\" src=\"http:\/\/kunstexpertin-mosel.de\/wp-content\/uploads\/2025\/05\/BVK_Logo_Web-Office_RGB_small-300x37.png\" alt=\"\" class=\"wp-image-1499\" srcset=\"https:\/\/kunstexpertin-mosel.de\/wp-content\/uploads\/2025\/05\/BVK_Logo_Web-Office_RGB_small-300x37.png 300w, https:\/\/kunstexpertin-mosel.de\/wp-content\/uploads\/2025\/05\/BVK_Logo_Web-Office_RGB_small-768x94.png 768w, https:\/\/kunstexpertin-mosel.de\/wp-content\/uploads\/2025\/05\/BVK_Logo_Web-Office_RGB_small.png 900w\" sizes=\"auto, (max-width: 300px) 100vw, 300px\" \/><\/figure>\n\n\n\n<figure class=\"wp-block-image size-medium\"><img loading=\"lazy\" decoding=\"async\" width=\"300\" height=\"125\" src=\"https:\/\/kunstexpertin-mosel.de\/wp-content\/uploads\/2025\/12\/kunstgeschichte-300x125.png\" alt=\"\" class=\"wp-image-1650\" srcset=\"https:\/\/kunstexpertin-mosel.de\/wp-content\/uploads\/2025\/12\/kunstgeschichte-300x125.png 300w, https:\/\/kunstexpertin-mosel.de\/wp-content\/uploads\/2025\/12\/kunstgeschichte.png 574w\" sizes=\"auto, (max-width: 300px) 100vw, 300px\" \/><\/figure>\n","protected":false},"excerpt":{"rendered":"<p>Wenn Sie jemanden suchen, der f\u00fcr Sie Kunstgegenst\u00e4nde einsch\u00e4tzt und begutachtet \u2013 unabh\u00e4ngig, fachkundig und seri\u00f6s \u2013, sind Sie hier genau richtig! Ob Erbschafts-, Nachlassbewertung oder Taxierung der eigenen \u00fcber Jahrzehnte angesammelten Sch\u00e4tze \u2013 ich ermittle den aktuellen Marktwert und halte diesen auf Wunsch in einem ausf\u00fchrlichen, schriftlichen Gutachten fest oder inventarisiere professionell Ihre gesamte &hellip; <a href=\"https:\/\/kunstexpertin-mosel.de\/\" class=\"more-link\"><span class=\"screen-reader-text\">Herzlich willkommen!<\/span> weiterlesen<\/a><\/p>\n","protected":false},"author":1,"featured_media":239,"parent":0,"menu_order":0,"comment_status":"closed","ping_status":"closed","template":"","meta":{"footnotes":""},"class_list":["post-6","page","type-page","status-publish","has-post-thumbnail","hentry"],"_links":{"self":[{"href":"https:\/\/kunstexpertin-mosel.de\/index.php?rest_route=\/wp\/v2\/pages\/6","targetHints":{"allow":["GET"]}}],"collection":[{"href":"https:\/\/kunstexpertin-mosel.de\/index.php?rest_route=\/wp\/v2\/pages"}],"about":[{"href":"https:\/\/kunstexpertin-mosel.de\/index.php?rest_route=\/wp\/v2\/types\/page"}],"author":[{"embeddable":true,"href":"https:\/\/kunstexpertin-mosel.de\/index.php?rest_route=\/wp\/v2\/users\/1"}],"replies":[{"embeddable":true,"href":"https:\/\/kunstexpertin-mosel.de\/index.php?rest_route=%2Fwp%2Fv2%2Fcomments&post=6"}],"version-history":[{"count":60,"href":"https:\/\/kunstexpertin-mosel.de\/index.php?rest_route=\/wp\/v2\/pages\/6\/revisions"}],"predecessor-version":[{"id":1652,"href":"https:\/\/kunstexpertin-mosel.de\/index.php?rest_route=\/wp\/v2\/pages\/6\/revisions\/1652"}],"wp:featuredmedia":[{"embeddable":true,"href":"https:\/\/kunstexpertin-mosel.de\/index.php?rest_route=\/wp\/v2\/media\/239"}],"wp:attachment":[{"href":"https:\/\/kunstexpertin-mosel.de\/index.php?rest_route=%2Fwp%2Fv2%2Fmedia&parent=6"}],"curies":[{"name":"wp","href":"https:\/\/api.w.org\/{rel}","templated":true}]}}