{"id":18,"date":"2016-03-02T11:32:58","date_gmt":"2016-03-02T10:32:58","guid":{"rendered":"http:\/\/kunstexpertin-mosel.de\/?page_id=18"},"modified":"2022-05-19T07:44:59","modified_gmt":"2022-05-19T06:44:59","slug":"seite-2","status":"publish","type":"page","link":"https:\/\/kunstexpertin-mosel.de\/?page_id=18","title":{"rendered":"Leistungen"},"content":{"rendered":"<h6><strong>Wertermittlung | Begutachtung | Beratung<br \/>\n<\/strong><\/h6>\n<p><strong>Wertermittlung | Sch\u00e4tzungen | Wertgutachten | Expertisen<br \/>\n\u2022\u00a0<\/strong>von einzelnen Kunstobjekten oder ganzen Sammlungen<br \/>\n\u2022 unabh\u00e4ngige <strong>Beratung<\/strong> beim Kauf oder Verkauf von Kunstgegenst\u00e4nden<br \/>\n\u2022 Kunstmarktrecherche f\u00fcr Privatpersonen und Versicherungen<br \/>\n\u2022 Wertgutachten f\u00fcr Erbschaften und Nachl\u00e4sse<\/p>\n<h6><strong>Katalogisierung | Inventarisierung<\/strong><\/h6>\n<p><strong>Katalogisierung | Inventarisierung | Dokumentationen<br \/>\n\u2022 <\/strong>K\u00fcnstlerrecherche<br \/>\n<strong>\u2022 <\/strong>Bestimmung von Herkunft oder Hersteller, Datierung, genaue Beschreibung, kunsthistorische Einordnung, Erfassung der k\u00fcnstlerischen Technik, Ma\u00dfe und des Zustands f\u00fcr private Sammler oder Museen<\/p>\n<p style=\"padding-left: 40px;\">\n<h6>termine | verg\u00fctung<\/h6>\n<p>Eine Beurteilung und Einordnung der Kunstgegenst\u00e4nde erfolgt in der Regel bei einem Vor-Ort-Termin.<\/p>\n<p>In seltenen F\u00e4llen sind auch Sch\u00e4tzungen oder Einordnungen per E-Mail m\u00f6glich.<\/p>\n<p>Die <strong>Verg\u00fctung<\/strong> erfolgt nach vereinbartem Stundensatz oder Pauschalhonorar.<\/p>\n<p>F\u00fcr <strong>Beratungen<\/strong>, <strong>Vor-Ort-Termine<\/strong> und <strong>ausf\u00fchrliche Gutachten<\/strong>\u00a0kontaktieren Sie mich bitte telefonisch unter <strong>0176 54 33 23 09<\/strong> oder per E-Mail an <strong>kontakt[at]kunstexpertin-mosel.de\u00a0<\/strong><\/p>\n","protected":false},"excerpt":{"rendered":"<p>Wertermittlung | Begutachtung | Beratung Wertermittlung | Sch\u00e4tzungen | Wertgutachten | Expertisen \u2022\u00a0von einzelnen Kunstobjekten oder ganzen Sammlungen \u2022 unabh\u00e4ngige Beratung beim Kauf oder Verkauf von Kunstgegenst\u00e4nden \u2022 Kunstmarktrecherche f\u00fcr Privatpersonen und Versicherungen \u2022 Wertgutachten f\u00fcr Erbschaften und Nachl\u00e4sse Katalogisierung | Inventarisierung Katalogisierung | Inventarisierung | Dokumentationen \u2022 K\u00fcnstlerrecherche \u2022 Bestimmung von Herkunft oder Hersteller, &hellip; <a href=\"https:\/\/kunstexpertin-mosel.de\/?page_id=18\" class=\"more-link\"><span class=\"screen-reader-text\">Leistungen<\/span> weiterlesen<\/a><\/p>\n","protected":false},"author":1,"featured_media":87,"parent":0,"menu_order":0,"comment_status":"closed","ping_status":"closed","template":"","meta":{"footnotes":""},"class_list":["post-18","page","type-page","status-publish","has-post-thumbnail","hentry"],"_links":{"self":[{"href":"https:\/\/kunstexpertin-mosel.de\/index.php?rest_route=\/wp\/v2\/pages\/18","targetHints":{"allow":["GET"]}}],"collection":[{"href":"https:\/\/kunstexpertin-mosel.de\/index.php?rest_route=\/wp\/v2\/pages"}],"about":[{"href":"https:\/\/kunstexpertin-mosel.de\/index.php?rest_route=\/wp\/v2\/types\/page"}],"author":[{"embeddable":true,"href":"https:\/\/kunstexpertin-mosel.de\/index.php?rest_route=\/wp\/v2\/users\/1"}],"replies":[{"embeddable":true,"href":"https:\/\/kunstexpertin-mosel.de\/index.php?rest_route=%2Fwp%2Fv2%2Fcomments&post=18"}],"version-history":[{"count":62,"href":"https:\/\/kunstexpertin-mosel.de\/index.php?rest_route=\/wp\/v2\/pages\/18\/revisions"}],"predecessor-version":[{"id":945,"href":"https:\/\/kunstexpertin-mosel.de\/index.php?rest_route=\/wp\/v2\/pages\/18\/revisions\/945"}],"wp:featuredmedia":[{"embeddable":true,"href":"https:\/\/kunstexpertin-mosel.de\/index.php?rest_route=\/wp\/v2\/media\/87"}],"wp:attachment":[{"href":"https:\/\/kunstexpertin-mosel.de\/index.php?rest_route=%2Fwp%2Fv2%2Fmedia&parent=18"}],"curies":[{"name":"wp","href":"https:\/\/api.w.org\/{rel}","templated":true}]}}